{"id":587,"date":"2020-04-22T14:44:57","date_gmt":"2020-04-22T14:44:57","guid":{"rendered":"https:\/\/ackerpella.de\/?page_id=587"},"modified":"2023-02-23T12:17:38","modified_gmt":"2023-02-23T12:17:38","slug":"impressum","status":"publish","type":"page","link":"https:\/\/ackerpella.de\/?page_id=587","title":{"rendered":"Impressum"},"content":{"rendered":"\n<p>Inhaltlich verantwortlich gem\u00e4\u00df \u00a7 6 MDStV: Maren Ihnen<br><br>Vereinsregister<br>Amtsgericht Hannover<br>VR 202 102<br><br>Vorstand:<br>Jan Heeren (1. Vorsitzender)<br>Maren Ihnen (2. Vorsitzende)<br><br>Haftungshinweis<br>Die Inhalte unserer Seiten wurden mit gr\u00f6\u00dfter Sorgfalt erstellt. F\u00fcr die Richtigkeit, Vollst\u00e4ndigkeit und Aktualit\u00e4t der Inhalte k\u00f6nnen wir jedoch keine Gew\u00e4hr \u00fcbernehmen. Als Diensteanbieter sind wir gem\u00e4\u00df \u00a7 7 Abs.1 TMG f\u00fcr eigene Inhalte auf diesen Seiten verantwortlich. Nach \u00a7\u00a7 8 bis 10 TMG sind wir als Diensteanbieter jedoch nicht verpflichtet, \u00fcbermittelte oder gespeicherte fremde Informationen zu \u00fcberwachen oder nach Umst\u00e4nden zu forschen, die auf eine rechtswidrige T\u00e4tigkeit hinweisen.<br>Trotz sorgf\u00e4ltiger inhaltlicher Kontrolle \u00fcbernimmt Acker Pella e.V. keine Haftung f\u00fcr die Inhalte externer Links. F\u00fcr den Inhalt von verlinkten Seiten sind ausschlie\u00dflich deren Betreiber verantwortlich. Acker Pella e.V. distanziert sich ausdr\u00fccklich von etwaigen rechtswidrigen Inhalten verlinkter Seiten.<\/p>\n","protected":false},"excerpt":{"rendered":"<p>Inhaltlich verantwortlich gem\u00e4\u00df \u00a7 6 MDStV: Maren Ihnen VereinsregisterAmtsgericht HannoverVR 202 102 Vorstand:Jan Heeren (1. Vorsitzender)Maren Ihnen (2. Vorsitzende) HaftungshinweisDie Inhalte unserer Seiten wurden mit gr\u00f6\u00dfter Sorgfalt erstellt. F\u00fcr die Richtigkeit, Vollst\u00e4ndigkeit und Aktualit\u00e4t der Inhalte k\u00f6nnen wir jedoch keine Gew\u00e4hr \u00fcbernehmen. Als Diensteanbieter sind wir gem\u00e4\u00df \u00a7 7 Abs.1 TMG f\u00fcr eigene Inhalte auf &hellip; <a href=\"https:\/\/ackerpella.de\/?page_id=587\" class=\"more-link\"><span class=\"screen-reader-text\">Impressum<\/span> weiterlesen <span class=\"meta-nav\">&rarr;<\/span><\/a><\/p>\n","protected":false},"author":2,"featured_media":0,"parent":0,"menu_order":0,"comment_status":"closed","ping_status":"closed","template":"","meta":{"footnotes":""},"class_list":["post-587","page","type-page","status-publish","hentry"],"_links":{"self":[{"href":"https:\/\/ackerpella.de\/index.php?rest_route=\/wp\/v2\/pages\/587","targetHints":{"allow":["GET"]}}],"collection":[{"href":"https:\/\/ackerpella.de\/index.php?rest_route=\/wp\/v2\/pages"}],"about":[{"href":"https:\/\/ackerpella.de\/index.php?rest_route=\/wp\/v2\/types\/page"}],"author":[{"embeddable":true,"href":"https:\/\/ackerpella.de\/index.php?rest_route=\/wp\/v2\/users\/2"}],"replies":[{"embeddable":true,"href":"https:\/\/ackerpella.de\/index.php?rest_route=%2Fwp%2Fv2%2Fcomments&post=587"}],"version-history":[{"count":2,"href":"https:\/\/ackerpella.de\/index.php?rest_route=\/wp\/v2\/pages\/587\/revisions"}],"predecessor-version":[{"id":863,"href":"https:\/\/ackerpella.de\/index.php?rest_route=\/wp\/v2\/pages\/587\/revisions\/863"}],"wp:attachment":[{"href":"https:\/\/ackerpella.de\/index.php?rest_route=%2Fwp%2Fv2%2Fmedia&parent=587"}],"curies":[{"name":"wp","href":"https:\/\/api.w.org\/{rel}","templated":true}]}}