{"id":594,"date":"2020-04-22T15:11:50","date_gmt":"2020-04-22T15:11:50","guid":{"rendered":"https:\/\/ackerpella.de\/?page_id=594"},"modified":"2025-03-29T10:58:51","modified_gmt":"2025-03-29T10:58:51","slug":"aktuelles","status":"publish","type":"page","link":"https:\/\/ackerpella.de\/?page_id=594","title":{"rendered":"Aktuelles"},"content":{"rendered":"\n<p><\/p>\n\n\n\n<p class=\"has-text-align-center\">\u2764\ufe0f\ud83e\udde1\ud83d\udc9b\ud83d\udc9a<\/p>\n\n\n\n<h2 class=\"wp-block-heading\">Jungpflanzenverkaufstage 2025<\/h2>\n\n\n\n<ul class=\"wp-block-list\">\n<li><\/li>\n<\/ul>\n\n\n\n<p>Klar, dass wir auch in diesem Winter voller Vorfreude geplant, sortiert und vorbereitet haben. Im Sortiment wieder spannende neue und altbekannte Sorten. <\/p>\n\n\n\n<p><strong>In der G\u00e4rtnerei:<\/strong><\/p>\n\n\n\n<ul class=\"wp-block-list\">\n<li>3. Mai, 11 &#8211; 15:30 Uhr<\/li>\n\n\n\n<li>10. Mai, 11 &#8211; 15:30 Uhr<\/li>\n\n\n\n<li>17. Mai, 11 &#8211; 15:30 Uhr<\/li>\n\n\n\n<li>24. Mai, 11 &#8211; 15:30 Uhr<\/li>\n\n\n\n<li><\/li>\n<\/ul>\n\n\n\n<p><\/p>\n\n\n\n<p class=\"has-text-align-center\">\u2764\ufe0f\ud83e\udde1\ud83d\udc9b\ud83d\udc9a <\/p>\n\n\n\n<p>In 2022 haben wir haben unsere bewirtschaftete Fl\u00e4che erweitert und viele Umstrukturierungen auf dem G\u00e4rtnereigel\u00e4nde vorgenommen. <\/p>\n\n\n\n<p>Seht Euch ein Video die Umstrukturierung an: <\/p>\n\n\n\n<figure class=\"wp-block-video\"><video height=\"352\" style=\"aspect-ratio: 640 \/ 352;\" width=\"640\" controls src=\"https:\/\/ackerpella.de\/wp-content\/uploads\/2022\/03\/Glashausrueckbau-und-Tunnelaufbau-1.mp4\"><\/video><figcaption class=\"wp-element-caption\">R\u00fcckbau der Glash\u00e4user und Aufbau weiterer Folientunnel <\/figcaption><\/figure>\n\n\n\n<p><\/p>\n\n\n\n<p class=\"has-text-align-center\">\u2764\ufe0f\ud83e\udde1\ud83d\udc9b\ud83d\udc9a<\/p>\n","protected":false},"excerpt":{"rendered":"<p>\u2764\ufe0f\ud83e\udde1\ud83d\udc9b\ud83d\udc9a Jungpflanzenverkaufstage 2025 Klar, dass wir auch in diesem Winter voller Vorfreude geplant, sortiert und vorbereitet haben. Im Sortiment wieder spannende neue und altbekannte Sorten. In der G\u00e4rtnerei: \u2764\ufe0f\ud83e\udde1\ud83d\udc9b\ud83d\udc9a In 2022 haben wir haben unsere bewirtschaftete Fl\u00e4che erweitert und viele Umstrukturierungen auf dem G\u00e4rtnereigel\u00e4nde vorgenommen. Seht Euch ein Video die Umstrukturierung an: \u2764\ufe0f\ud83e\udde1\ud83d\udc9b\ud83d\udc9a<\/p>\n","protected":false},"author":2,"featured_media":434,"parent":0,"menu_order":0,"comment_status":"closed","ping_status":"closed","template":"","meta":{"footnotes":""},"class_list":["post-594","page","type-page","status-publish","has-post-thumbnail","hentry"],"_links":{"self":[{"href":"https:\/\/ackerpella.de\/index.php?rest_route=\/wp\/v2\/pages\/594","targetHints":{"allow":["GET"]}}],"collection":[{"href":"https:\/\/ackerpella.de\/index.php?rest_route=\/wp\/v2\/pages"}],"about":[{"href":"https:\/\/ackerpella.de\/index.php?rest_route=\/wp\/v2\/types\/page"}],"author":[{"embeddable":true,"href":"https:\/\/ackerpella.de\/index.php?rest_route=\/wp\/v2\/users\/2"}],"replies":[{"embeddable":true,"href":"https:\/\/ackerpella.de\/index.php?rest_route=%2Fwp%2Fv2%2Fcomments&post=594"}],"version-history":[{"count":20,"href":"https:\/\/ackerpella.de\/index.php?rest_route=\/wp\/v2\/pages\/594\/revisions"}],"predecessor-version":[{"id":971,"href":"https:\/\/ackerpella.de\/index.php?rest_route=\/wp\/v2\/pages\/594\/revisions\/971"}],"wp:featuredmedia":[{"embeddable":true,"href":"https:\/\/ackerpella.de\/index.php?rest_route=\/wp\/v2\/media\/434"}],"wp:attachment":[{"href":"https:\/\/ackerpella.de\/index.php?rest_route=%2Fwp%2Fv2%2Fmedia&parent=594"}],"curies":[{"name":"wp","href":"https:\/\/api.w.org\/{rel}","templated":true}]}}