{"id":596,"date":"2020-04-22T15:28:55","date_gmt":"2020-04-22T15:28:55","guid":{"rendered":"https:\/\/ackerpella.de\/?page_id=596"},"modified":"2026-03-17T11:49:22","modified_gmt":"2026-03-17T11:49:22","slug":"jungpflanzenbestellung","status":"publish","type":"page","link":"https:\/\/ackerpella.de\/?page_id=596","title":{"rendered":"JUNGPFLANZEN-Verkaufstage 2026"},"content":{"rendered":"\n<p>Liebe Gartenbegeisterte,<\/p>\n\n\n\n<p>es geht wieder los! Auch 2026 haben wir f\u00fcr Euch wieder unser umfangreiches Programm mit samenfesten Tomatensorten, feurigen Chilis und weiteren Gem\u00fcsejungpflanzen vorgezogen. zus\u00e4tzlich im Sortiment: insektenfreundliche Bl\u00fchpflanzen und Wildstauden, sowie K\u00fcchenkr\u00e4uter.<\/p>\n\n\n\n<p>Wir freuen uns, wenn wir uns bei einem unserer Hofverkaufstage oder Pflanzenb\u00f6rsen in den Kleing\u00e4rten sehen! <\/p>\n\n\n\n<p>Herzliche Gr\u00fc\u00dfe, <\/p>\n\n\n\n<p>Das Acker Pella Team<\/p>\n\n\n\n<h2 class=\"wp-block-heading\">Verkaufstage in der G\u00e4rtnerei  <\/h2>\n\n\n\n<p>Die Verkaufstage f\u00fcr Gem\u00fcsejungpflanzen im Jahr 2026 in der G\u00e4rtnerei sind:<\/p>\n\n\n\n<ul class=\"wp-block-list\">\n<li>2. Mai, 11 &#8211; 14:30 Uhr<\/li>\n\n\n\n<li>9. Mai, 11 &#8211; 14:30 Uhr<\/li>\n\n\n\n<li>16. Mai, 11 &#8211; 14:30 Uhr<\/li>\n<\/ul>\n\n\n\n<figure class=\"wp-block-image size-full\"><a href=\"https:\/\/ackerpella.de\/wp-content\/uploads\/2026\/03\/2026-Hofverkauf-1.png\"><img loading=\"lazy\" decoding=\"async\" width=\"2000\" height=\"1600\" src=\"https:\/\/ackerpella.de\/wp-content\/uploads\/2026\/03\/2026-Hofverkauf-1.png\" alt=\"\" class=\"wp-image-1000\"\/><\/a><\/figure>\n","protected":false},"excerpt":{"rendered":"<p>Liebe Gartenbegeisterte, es geht wieder los! Auch 2026 haben wir f\u00fcr Euch wieder unser umfangreiches Programm mit samenfesten Tomatensorten, feurigen Chilis und weiteren Gem\u00fcsejungpflanzen vorgezogen. zus\u00e4tzlich im Sortiment: insektenfreundliche Bl\u00fchpflanzen und Wildstauden, sowie K\u00fcchenkr\u00e4uter. Wir freuen uns, wenn wir uns bei einem unserer Hofverkaufstage oder Pflanzenb\u00f6rsen in den Kleing\u00e4rten sehen! Herzliche Gr\u00fc\u00dfe, Das Acker Pella &hellip; <a href=\"https:\/\/ackerpella.de\/?page_id=596\" class=\"more-link\"><span class=\"screen-reader-text\">JUNGPFLANZEN-Verkaufstage 2026<\/span> weiterlesen <span class=\"meta-nav\">&rarr;<\/span><\/a><\/p>\n","protected":false},"author":2,"featured_media":730,"parent":0,"menu_order":0,"comment_status":"closed","ping_status":"closed","template":"","meta":{"footnotes":""},"class_list":["post-596","page","type-page","status-publish","has-post-thumbnail","hentry"],"_links":{"self":[{"href":"https:\/\/ackerpella.de\/index.php?rest_route=\/wp\/v2\/pages\/596","targetHints":{"allow":["GET"]}}],"collection":[{"href":"https:\/\/ackerpella.de\/index.php?rest_route=\/wp\/v2\/pages"}],"about":[{"href":"https:\/\/ackerpella.de\/index.php?rest_route=\/wp\/v2\/types\/page"}],"author":[{"embeddable":true,"href":"https:\/\/ackerpella.de\/index.php?rest_route=\/wp\/v2\/users\/2"}],"replies":[{"embeddable":true,"href":"https:\/\/ackerpella.de\/index.php?rest_route=%2Fwp%2Fv2%2Fcomments&post=596"}],"version-history":[{"count":21,"href":"https:\/\/ackerpella.de\/index.php?rest_route=\/wp\/v2\/pages\/596\/revisions"}],"predecessor-version":[{"id":1001,"href":"https:\/\/ackerpella.de\/index.php?rest_route=\/wp\/v2\/pages\/596\/revisions\/1001"}],"wp:featuredmedia":[{"embeddable":true,"href":"https:\/\/ackerpella.de\/index.php?rest_route=\/wp\/v2\/media\/730"}],"wp:attachment":[{"href":"https:\/\/ackerpella.de\/index.php?rest_route=%2Fwp%2Fv2%2Fmedia&parent=596"}],"curies":[{"name":"wp","href":"https:\/\/api.w.org\/{rel}","templated":true}]}}